{"id":4694,"date":"2017-01-05T15:20:12","date_gmt":"2017-01-05T14:20:12","guid":{"rendered":"http:\/\/botflowerbulbs.nl\/services\/lelie\/"},"modified":"2020-02-13T10:47:10","modified_gmt":"2020-02-13T09:47:10","slug":"preparacion","status":"publish","type":"page","link":"https:\/\/botflowerbulbs.nl\/es\/productos\/lirio\/preparacion\/","title":{"rendered":"Lirio preparaci\u00f3n"},"content":{"rendered":"<h2>Cosecha Nueva<\/h2>\n<p>Los cultivadores cosechan los bulbos desde Octubre hasta Diciembre, dependiendo de la variedad, Nuestra compa\u00f1ia verifica todos los lotes a la llegada, controlando tama\u00f1o, la cantidad por caja de bulbos y la calidad general.<\/p>\n<h2>Almacenamiento<\/h2>\n<p>Despu\u00e9s de la verificaci\u00f3n inicial los bulbos son lavados, despu\u00e9s estos se empacan en canastillas envueltos en pl\u00e1stico medianto un Sistema totalmente autom\u00e1tico. Los bulbos empacados se ponen en un cuarto de almacenamiento fr\u00edo.<\/p>\n<h2>Preparaci\u00f3n<\/h2>\n<p>Los bulbos de lirio necesitan estar a 0\u00baC una cierta cantidad de tiempo antes de que puedan ser congelados. El tiempo correcto para este congelamiento se elige mediante un muestreo de contenido de az\u00facares. Despues del congelamientos los bulbos se pueden almacenar por m\u00e1s de un a\u00f1o.<\/p>\n<p>Exportaci\u00f3n Nuestra compa\u00f1\u00eda realiza env\u00edos a todo el mundo, Podemos enviar bulbos de lirio en combinaci\u00f3n de gladiolo o iris por debajo de los 0\u00baC.<\/p>\n","protected":false},"excerpt":{"rendered":"<p>Cosecha Nueva Los cultivadores cosechan los bulbos desde Octubre hasta Diciembre, dependiendo de la variedad, Nuestra compa\u00f1ia verifica todos los lotes a la llegada, controlando tama\u00f1o, la cantidad por caja de bulbos y la calidad general. Almacenamiento Despu\u00e9s de la verificaci\u00f3n inicial los bulbos son lavados, despu\u00e9s estos se empacan en canastillas envueltos en pl\u00e1stico<\/p>\n","protected":false},"author":6,"featured_media":33647,"parent":4674,"menu_order":2,"comment_status":"closed","ping_status":"closed","template":"","meta":{"_acf_changed":false,"footnotes":""},"class_list":["post-4694","page","type-page","status-publish","has-post-thumbnail","hentry"],"acf":[],"_links":{"self":[{"href":"https:\/\/botflowerbulbs.nl\/es\/wp-json\/wp\/v2\/pages\/4694\/"}],"collection":[{"href":"https:\/\/botflowerbulbs.nl\/es\/wp-json\/wp\/v2\/pages\/"}],"about":[{"href":"https:\/\/botflowerbulbs.nl\/es\/wp-json\/wp\/v2\/types\/page\/"}],"author":[{"embeddable":true,"href":"https:\/\/botflowerbulbs.nl\/es\/wp-json\/wp\/v2\/users\/6\/"}],"replies":[{"embeddable":true,"href":"https:\/\/botflowerbulbs.nl\/es\/wp-json\/wp\/v2\/comments\/?post=4694"}],"version-history":[{"count":1,"href":"https:\/\/botflowerbulbs.nl\/es\/wp-json\/wp\/v2\/pages\/4694\/revisions\/"}],"predecessor-version":[{"id":33734,"href":"https:\/\/botflowerbulbs.nl\/es\/wp-json\/wp\/v2\/pages\/4694\/revisions\/33734\/"}],"up":[{"embeddable":true,"href":"https:\/\/botflowerbulbs.nl\/es\/wp-json\/wp\/v2\/pages\/4674\/"}],"wp:featuredmedia":[{"embeddable":true,"href":"https:\/\/botflowerbulbs.nl\/es\/wp-json\/wp\/v2\/media\/33647\/"}],"wp:attachment":[{"href":"https:\/\/botflowerbulbs.nl\/es\/wp-json\/wp\/v2\/media\/?parent=4694"}],"curies":[{"name":"wp","href":"https:\/\/api.w.org\/{rel}","templated":true}]}}