{"id":4690,"date":"2017-01-05T15:19:52","date_gmt":"2017-01-05T14:19:52","guid":{"rendered":"http:\/\/botflowerbulbs.nl\/services\/iris\/"},"modified":"2018-02-07T10:23:08","modified_gmt":"2018-02-07T09:23:08","slug":"preparacion","status":"publish","type":"page","link":"https:\/\/botflowerbulbs.nl\/es\/productos\/iris\/preparacion\/","title":{"rendered":"Iris preparaci\u00f3n"},"content":{"rendered":"<p>Los cultivadores cosechan los bulbos en Agosto, Nuestra compa\u00f1\u00eda inspecciona cada lote a la llegada observando el tama\u00f1o, el n\u00famero de bulbos por caja y la calidad en general.<\/p>\n<h2>Almacenamiento<\/h2>\n<p>Despu\u00e9s del chequeo inicial, los bulbos se ponen en un cuarto caliente, A una temperature de 30\u00b0C lo que nos permite almacenarlos por m\u00e1s de un a\u00f1o.<\/p>\n<h2>Preparaci\u00f3n<\/h2>\n<p>Nuestra compa\u00f1ia prepara los iris para el d\u00eda exacto de siembra mediante un tratamiento de calor, Nosotros preparamos iris para el cultivador de flores y tambi\u00e9n para compa\u00f1\u00edas exportadoras.<\/p>\n<h2>Exportaci\u00f3n<\/h2>\n<p>Nuestra compa\u00f1\u00eda realiza env\u00edos a todo el mundo, Podemos despachar en combinaci\u00f3n de gladiolo y lirios con temperaturas por debajo de 0\u00b0C.<\/p>\n<p>Junto anuestro programa de preparaci\u00f3n completo en bulbos de iris tambi\u00e9n podemospreparar \u00f3rdenes espec\u00edficas a empresas exportadoras y productores de floresnacionales.<\/p>\n","protected":false},"excerpt":{"rendered":"<p>Los cultivadores cosechan los bulbos en Agosto, Nuestra compa\u00f1\u00eda inspecciona cada lote a la llegada observando el tama\u00f1o, el n\u00famero de bulbos por caja y la calidad en general. Almacenamiento Despu\u00e9s del chequeo inicial, los bulbos se ponen en un cuarto caliente, A una temperature de 30\u00b0C lo que nos permite almacenarlos por m\u00e1s de<\/p>\n","protected":false},"author":6,"featured_media":3414,"parent":4680,"menu_order":2,"comment_status":"closed","ping_status":"closed","template":"","meta":{"_acf_changed":false,"footnotes":""},"class_list":["post-4690","page","type-page","status-publish","has-post-thumbnail","hentry"],"acf":[],"_links":{"self":[{"href":"https:\/\/botflowerbulbs.nl\/es\/wp-json\/wp\/v2\/pages\/4690\/"}],"collection":[{"href":"https:\/\/botflowerbulbs.nl\/es\/wp-json\/wp\/v2\/pages\/"}],"about":[{"href":"https:\/\/botflowerbulbs.nl\/es\/wp-json\/wp\/v2\/types\/page\/"}],"author":[{"embeddable":true,"href":"https:\/\/botflowerbulbs.nl\/es\/wp-json\/wp\/v2\/users\/6\/"}],"replies":[{"embeddable":true,"href":"https:\/\/botflowerbulbs.nl\/es\/wp-json\/wp\/v2\/comments\/?post=4690"}],"version-history":[{"count":0,"href":"https:\/\/botflowerbulbs.nl\/es\/wp-json\/wp\/v2\/pages\/4690\/revisions\/"}],"up":[{"embeddable":true,"href":"https:\/\/botflowerbulbs.nl\/es\/wp-json\/wp\/v2\/pages\/4680\/"}],"wp:featuredmedia":[{"embeddable":true,"href":"https:\/\/botflowerbulbs.nl\/es\/wp-json\/wp\/v2\/media\/3414\/"}],"wp:attachment":[{"href":"https:\/\/botflowerbulbs.nl\/es\/wp-json\/wp\/v2\/media\/?parent=4690"}],"curies":[{"name":"wp","href":"https:\/\/api.w.org\/{rel}","templated":true}]}}