{"id":4665,"date":"2017-01-05T15:18:14","date_gmt":"2017-01-05T14:18:14","guid":{"rendered":"http:\/\/botflowerbulbs.nl\/historie\/"},"modified":"2024-12-06T08:51:49","modified_gmt":"2024-12-06T07:51:49","slug":"historie","status":"publish","type":"page","link":"https:\/\/botflowerbulbs.nl\/es\/historie\/","title":{"rendered":"Historia"},"content":{"rendered":"<p>Nuestro negocio familiar empezo en 1895, Cuando Pieter Bot comenz\u00f3 una compa\u00f1\u00eda de cultivo de vegetales y semillas, En 1927 sus tres hijos, Gerri, Klass y Evert renombraron la compa\u00f1\u00eda a hermanos Bot. Ya no siguieron con el cultivo semillas sino se dedicaron a la producci\u00f3n de bulbos de flores como los tulipanes o azafranes. Desp\u00faes de los 30s tambien empezaron la producci\u00f3n de gladiolo y jacintos. En ese tiempo Klass dejo la compa\u00f1\u00eda. En los 50s ellos pararon la producci\u00f3n de vegetales y comenzaron con los iris, Enfoc\u00e1ndose en la producci\u00f3n de bulbos de flor se expadieron hasta un \u00e1rea de 22 hectare\u00e1s. Tambi\u00e9n detuvieron la producci\u00f3n de jacintos. A comienzos de los 60s detuvieron la producci\u00f3n de Gladiolo y a finales ellos mismos empezaron a preparer sus propios Iris. Esto mejoro su programa de entrega. En los 70s ellos pararon definitivamente con la producci\u00f3n de bulbos de flor. Ent res a\u00f1os habian cambiando del cultivo de bulbos a traer y comercializar los bulbos. En los a\u00f1os 80 y 90 el comercio de iris preparados se expandi\u00f3. En octubre se empezaron a enviar bulbos a Francia para una floraci\u00f3n temprana. Seguidos de los bulbos holandeses para los invernaderos durante el invierno. El espacio libre que quedo del almacenamiento fue utilizado para almacenar bulbos de lirio. En el Nuevo milenio la comercializaci\u00f3n y exportaci\u00f3n de los bulbos de lirio se expandi\u00f3. Y en 2004 tambien se empezo con la comercializaci\u00f3n y exportaci\u00f3n de gladiolo.<\/p>\n<h2>Especialidad<\/h2>\n<p>Nuestra compa\u00f1\u00eda est\u00e1 especializada en la preparaci\u00f3n de bulbos de flor. Esto nos permite enviar bulbos durante todo el a\u00f1o, La compa\u00f1ia asesora y ayuda a sus clientes durante el cultivo para un desarrollo \u00f3ptimo de este. Cuando nuestros clientes est\u00e1n contentos nosotros tambi\u00e9n.<\/p>\n<h2>Calidad<\/h2>\n<p>La calidad empieza desde el inicio de todo el proceso. El conocimiento y la experiencia no puede cambiar un lote malo en uno Bueno. Para asegurarnos de una Buena calidad salimos a los campos para verificar el crecimiento de los bulbos durante la temporada de cultivo. Despu\u00e9s de esta primera selecci\u00f3n no dejamos los bulbos fuera de vista. Cada lote que compramos es registrado y se le hace un seguimiento hasta la floraci\u00f3n. Una muestra de cada lote que compramos es sembrada en nuestros invernaderos. Esto nos permite comparar la calidad entre los diferentes lotes. Nuestros proveedores y clientes son bienvenidos a observar todos los lotes durante la feria llamada d\u00edas de lirio \u201cDutch Lily Days\u201d.<\/p>\n<h2>Ensayos<\/h2>\n<p>Durante todo el a\u00f1o llevamos a cabo diferentes ensayos en bulbos de flores con el objetivo de mejorar la calidad, Esto nos permite asesorar sobre las \u00faltimas t\u00e9cnicas de cultivo.<\/p>\n","protected":false},"excerpt":{"rendered":"<p>Nuestro negocio familiar empezo en 1895, Cuando Pieter Bot comenz\u00f3 una compa\u00f1\u00eda de cultivo de vegetales y semillas, En 1927 sus tres hijos, Gerri, Klass y Evert renombraron la compa\u00f1\u00eda a hermanos Bot. Ya no siguieron con el cultivo semillas sino se dedicaron a la producci\u00f3n de bulbos de flores como los tulipanes o azafranes.<\/p>\n","protected":false},"author":6,"featured_media":0,"parent":0,"menu_order":20,"comment_status":"closed","ping_status":"closed","template":"page-templates\/template-gallery.php","meta":{"_acf_changed":false,"footnotes":""},"class_list":["post-4665","page","type-page","status-publish","hentry"],"acf":[],"_links":{"self":[{"href":"https:\/\/botflowerbulbs.nl\/es\/wp-json\/wp\/v2\/pages\/4665\/"}],"collection":[{"href":"https:\/\/botflowerbulbs.nl\/es\/wp-json\/wp\/v2\/pages\/"}],"about":[{"href":"https:\/\/botflowerbulbs.nl\/es\/wp-json\/wp\/v2\/types\/page\/"}],"author":[{"embeddable":true,"href":"https:\/\/botflowerbulbs.nl\/es\/wp-json\/wp\/v2\/users\/6\/"}],"replies":[{"embeddable":true,"href":"https:\/\/botflowerbulbs.nl\/es\/wp-json\/wp\/v2\/comments\/?post=4665"}],"version-history":[{"count":5,"href":"https:\/\/botflowerbulbs.nl\/es\/wp-json\/wp\/v2\/pages\/4665\/revisions\/"}],"predecessor-version":[{"id":46230,"href":"https:\/\/botflowerbulbs.nl\/es\/wp-json\/wp\/v2\/pages\/4665\/revisions\/46230\/"}],"wp:attachment":[{"href":"https:\/\/botflowerbulbs.nl\/es\/wp-json\/wp\/v2\/media\/?parent=4665"}],"curies":[{"name":"wp","href":"https:\/\/api.w.org\/{rel}","templated":true}]}}